{"id":410,"date":"2026-02-03T21:25:50","date_gmt":"2026-02-03T21:25:50","guid":{"rendered":"https:\/\/www.jf-arcas.pt\/?page_id=410"},"modified":"2026-02-03T23:18:00","modified_gmt":"2026-02-03T23:18:00","slug":"home2","status":"publish","type":"page","link":"https:\/\/www.jf-arcas.pt\/","title":{"rendered":"HOME"},"content":{"rendered":"<p><div class=\"fusion-fullwidth fullwidth-box fusion-builder-row-1 fusion-flex-container has-pattern-background has-mask-background hundred-percent-fullwidth non-hundred-percent-height-scrolling\" style=\"--link_hover_color: #768e20;--link_color: #768e20;--awb-border-sizes-top:0;--awb-border-sizes-bottom:0;--awb-border-sizes-left:0;--awb-border-sizes-right:0;--awb-border-color:var(--awb-color1);--awb-border-radius-top-left:0px;--awb-border-radius-top-right:0px;--awb-border-radius-bottom-right:0px;--awb-border-radius-bottom-left:0px;--awb-padding-top:-35px;--awb-padding-right:35px;--awb-padding-bottom:90px;--awb-padding-left:35px;--awb-padding-top-medium:25px;--awb-padding-right-medium:25px;--awb-padding-left-medium:25px;--awb-margin-top:-150px;--awb-margin-bottom:0px;--awb-margin-bottom-medium:70px;--awb-margin-bottom-small:60px;--awb-background-color:rgba(255,255,255,0);--awb-flex-wrap:wrap;\" ><div class=\"fusion-builder-row fusion-row fusion-flex-align-items-center fusion-flex-justify-content-center fusion-flex-content-wrap\" style=\"width:104% !important;max-width:104% !important;margin-left: calc(-4% \/ 2 );margin-right: calc(-4% \/ 2 );\"><div class=\"fusion-layout-column fusion_builder_column fusion-builder-column-0 fusion_builder_column_1_1 1_1 fusion-flex-column\" style=\"--awb-padding-top:10vw;--awb-padding-right:10vw;--awb-padding-bottom:10vw;--awb-padding-left:10vw;--awb-padding-top-medium:60px;--awb-padding-right-medium:60px;--awb-padding-bottom-medium:60px;--awb-padding-left-medium:60px;--awb-overflow:hidden;--awb-bg-image:linear-gradient(180deg, rgba(41,45,1,0.3) 0%,rgba(41,45,1,0.3) 100%),url(https:\/\/www.jf-arcas.pt\/wp-content\/uploads\/2026\/02\/484036480_1098763905384064_5409065009928664474_n.jpg);;--awb-bg-position:center center;--awb-bg-blend:multiply;--awb-bg-size:cover;--awb-border-radius:20px 20px 20px 20px;--awb-width-large:100%;--awb-margin-top-large:0px;--awb-spacing-right-large:3.84%;--awb-margin-bottom-large:0px;--awb-spacing-left-large:3.84%;--awb-width-medium:100%;--awb-order-medium:0;--awb-spacing-right-medium:3.84%;--awb-spacing-left-medium:3.84%;--awb-width-small:100%;--awb-order-small:0;--awb-spacing-right-small:1.92%;--awb-spacing-left-small:1.92%;\" data-scroll-devices=\"small-visibility,medium-visibility,large-visibility\"><div class=\"fusion-column-wrapper fusion-column-has-shadow fusion-flex-justify-content-flex-start fusion-content-layout-column fusion-column-has-bg-image\" data-bg-url=\"https:\/\/www.jf-arcas.pt\/wp-content\/uploads\/2026\/02\/484036480_1098763905384064_5409065009928664474_n.jpg\"><div class=\"fusion-builder-row fusion-builder-row-inner fusion-row fusion-flex-align-items-center fusion-flex-justify-content-center fusion-flex-content-wrap\" style=\"width:104% !important;max-width:104% !important;margin-left: calc(-4% \/ 2 );margin-right: calc(-4% \/ 2 );\"><div class=\"fusion-layout-column fusion_builder_column_inner fusion-builder-nested-column-0 fusion_builder_column_inner_1_2 1_2 fusion-flex-column fusion-animated\" style=\"--awb-bg-size:cover;--awb-width-large:50%;--awb-margin-top-large:0px;--awb-spacing-right-large:3.84%;--awb-margin-bottom-large:0px;--awb-spacing-left-large:3.84%;--awb-width-medium:50%;--awb-order-medium:0;--awb-spacing-right-medium:3.84%;--awb-spacing-left-medium:3.84%;--awb-width-small:100%;--awb-order-small:0;--awb-spacing-right-small:1.92%;--awb-margin-bottom-small:50px;--awb-spacing-left-small:1.92%;\" data-animationType=\"fadeInUp\" data-animationDuration=\"1.3\" data-animationOffset=\"top-into-view\"><div class=\"fusion-column-wrapper fusion-column-has-shadow fusion-flex-justify-content-flex-start fusion-content-layout-column\"><div class=\"fusion-title title fusion-title-1 fusion-sep-none fusion-title-text fusion-title-size-one\" style=\"--awb-text-color:var(--awb-color1);--awb-margin-top:0px;--awb-margin-bottom:30px;--awb-font-size:70px;\"><h1 class=\"fusion-title-heading title-heading-left sm-text-align-center\" style=\"font-family:&quot;Kaisei Decol&quot;;font-style:normal;font-weight:500;margin:0;letter-spacing:var(--awb-typography1-letter-spacing);text-transform:var(--awb-typography1-text-transform);font-size:1em;line-height:1.2;\">Tradi\u00e7\u00e3o e Futuro<\/h1><\/div><div class=\"fusion-text fusion-text-1 sm-text-align-center fusion-text-no-margin\" style=\"--awb-font-size:20px;--awb-line-height:1.7;--awb-letter-spacing:0px;--awb-text-transform:var(--awb-typography4-text-transform);--awb-text-color:hsla(var(--awb-color1-h),var(--awb-color1-s),var(--awb-color1-l),calc(var(--awb-color1-a) - 15%));--awb-text-font-family:&quot;Roboto&quot;;--awb-text-font-style:normal;--awb-text-font-weight:400;\"><h2><span style=\"color: #ffffff;\">no Cora\u00e7\u00e3o do Concelho de Macedo de Cavaleiros<\/span><\/h2>\n<\/div><\/div><\/div><div class=\"fusion-layout-column fusion_builder_column_inner fusion-builder-nested-column-1 fusion_builder_column_inner_1_2 1_2 fusion-flex-column fusion-animated\" style=\"--awb-bg-size:cover;--awb-width-large:50%;--awb-margin-top-large:0px;--awb-spacing-right-large:3.84%;--awb-margin-bottom-large:0px;--awb-spacing-left-large:3.84%;--awb-width-medium:50%;--awb-order-medium:0;--awb-spacing-right-medium:3.84%;--awb-spacing-left-medium:3.84%;--awb-width-small:100%;--awb-order-small:0;--awb-spacing-right-small:1.92%;--awb-spacing-left-small:1.92%;\" data-animationType=\"fadeIn\" data-animationDuration=\"1.3\" data-animationOffset=\"top-into-view\"><div class=\"fusion-column-wrapper fusion-column-has-shadow fusion-flex-justify-content-flex-start fusion-content-layout-column\"><\/div><\/div><\/div><\/div><\/div><\/div><\/div><div class=\"fusion-fullwidth fullwidth-box fusion-builder-row-2 fusion-flex-container has-pattern-background has-mask-background nonhundred-percent-fullwidth non-hundred-percent-height-scrolling\" style=\"--link_hover_color: #c0c479;--awb-border-sizes-top:0px;--awb-border-sizes-bottom:0px;--awb-border-sizes-left:0px;--awb-border-sizes-right:0px;--awb-border-radius-top-left:0px;--awb-border-radius-top-right:0px;--awb-border-radius-bottom-right:0px;--awb-border-radius-bottom-left:0px;--awb-padding-top:0px;--awb-padding-right:30px;--awb-padding-bottom:20px;--awb-padding-left:30px;--awb-margin-top:0px;--awb-margin-bottom:0px;--awb-margin-bottom-medium:70px;--awb-margin-bottom-small:60px;--awb-background-color:var(--awb-color1);--awb-flex-wrap:wrap;\" ><div class=\"fusion-builder-row fusion-row fusion-flex-align-items-stretch fusion-flex-content-wrap\" style=\"max-width:1248px;margin-left: calc(-4% \/ 2 );margin-right: calc(-4% \/ 2 );\"><div class=\"fusion-layout-column fusion_builder_column fusion-builder-column-1 fusion_builder_column_1_1 1_1 fusion-flex-column fusion-animated\" style=\"--awb-bg-size:cover;--awb-width-large:100%;--awb-margin-top-large:0px;--awb-spacing-right-large:3.072%;--awb-margin-bottom-large:70px;--awb-spacing-left-large:1.92%;--awb-width-medium:100%;--awb-order-medium:0;--awb-spacing-right-medium:3.072%;--awb-margin-bottom-medium:70px;--awb-spacing-left-medium:1.92%;--awb-width-small:100%;--awb-order-small:0;--awb-spacing-right-small:1.92%;--awb-margin-bottom-small:60px;--awb-spacing-left-small:1.92%;\" data-animationType=\"fadeInUp\" data-animationDuration=\"1.3\" data-animationOffset=\"top-into-view\"><div class=\"fusion-column-wrapper fusion-column-has-shadow fusion-flex-justify-content-flex-start fusion-content-layout-column\"><div class=\"fusion-title title fusion-title-2 fusion-no-small-visibility fusion-no-medium-visibility fusion-sep-none fusion-title-text fusion-title-size-two\" style=\"--awb-text-color:#0d0f01;--awb-margin-top:30px;--awb-margin-bottom:50px;--awb-font-size:36px;\"><h2 class=\"fusion-title-heading title-heading-left\" style=\"font-family:-apple-system, BlinkMacSystemFont, &#039;Segoe UI&#039;, Roboto, Oxygen-Sans, Ubuntu, Cantarell, &#039;Helvetica Neue&#039; ,sans-serif;font-style:normal;font-weight:400;margin:0;letter-spacing:var(--awb-typography1-letter-spacing);text-transform:var(--awb-typography1-text-transform);font-size:1em;line-height:1.2;\">\u00daltimas Noticias<\/h2><\/div><div class=\"fusion-recent-posts fusion-recent-posts-1 avada-container layout-default layout-columns-3\" style=\"--h4_typography-font-size:14;\"><section class=\"fusion-columns columns fusion-columns-3 columns-3\"><article class=\"post fusion-column column col col-lg-4 col-md-4 col-sm-4\"><div class=\"fusion-flexslider fusion-flexslider-loading flexslider flexslider-hover-type-none\"><ul class=\"slides\"><li><a href=\"https:\/\/www.jf-arcas.pt\/?p=461\" aria-label=\"Or\u00e7amento 2026\" class=\"hover-type-none\"><img decoding=\"async\" width=\"700\" height=\"441\" src=\"https:\/\/www.jf-arcas.pt\/wp-content\/uploads\/2026\/02\/dest_orcamento-700x441.png\" class=\"attachment-recent-posts size-recent-posts\" alt=\"\" srcset=\"https:\/\/www.jf-arcas.pt\/wp-content\/uploads\/2026\/02\/dest_orcamento-320x202.png 320w, https:\/\/www.jf-arcas.pt\/wp-content\/uploads\/2026\/02\/dest_orcamento-700x441.png 700w\" sizes=\"(max-width: 700px) 100vw, 700px\" \/><\/a><\/li><\/ul><\/div><div class=\"recent-posts-content\"><span class=\"vcard\" style=\"display: none;\"><span class=\"fn\"><a href=\"https:\/\/www.jf-arcas.pt\/?author=4\" title=\"Artigos de Junta Freguesia Arcas\" rel=\"author\">Junta Freguesia Arcas<\/a><\/span><\/span><span class=\"updated\" style=\"display:none;\">2026-02-03T23:10:59+00:00<\/span><h4 class=\"entry-title\"><a href=\"https:\/\/www.jf-arcas.pt\/?p=461\">Or\u00e7amento 2026<\/a><\/h4><p>Colocar aqui os documentos \u00a0<\/p><\/div><\/article><article class=\"post fusion-column column col col-lg-4 col-md-4 col-sm-4\"><div class=\"fusion-flexslider fusion-flexslider-loading flexslider flexslider-hover-type-none\"><ul class=\"slides\"><li><a href=\"https:\/\/www.jf-arcas.pt\/?p=442\" aria-label=\"Protocolo de Coopera\u00e7\u00e3o: Condi\u00e7\u00f5es Exclusivas na Optic\u00e1lia de Macedo de Cavaleiros\" class=\"hover-type-none\"><img decoding=\"async\" width=\"700\" height=\"441\" src=\"https:\/\/www.jf-arcas.pt\/wp-content\/uploads\/2026\/02\/jfarcas_protocolo_optica-700x441.png\" class=\"attachment-recent-posts size-recent-posts\" alt=\"\" srcset=\"https:\/\/www.jf-arcas.pt\/wp-content\/uploads\/2026\/02\/jfarcas_protocolo_optica-320x202.png 320w, https:\/\/www.jf-arcas.pt\/wp-content\/uploads\/2026\/02\/jfarcas_protocolo_optica-700x441.png 700w\" sizes=\"(max-width: 700px) 100vw, 700px\" \/><\/a><\/li><\/ul><\/div><div class=\"recent-posts-content\"><span class=\"vcard\" style=\"display: none;\"><span class=\"fn\"><a href=\"https:\/\/www.jf-arcas.pt\/?author=1\" title=\"Artigos de admin\" rel=\"author\">admin<\/a><\/span><\/span><span class=\"updated\" style=\"display:none;\">2026-02-03T22:49:39+00:00<\/span><h4 class=\"entry-title\"><a href=\"https:\/\/www.jf-arcas.pt\/?p=442\">Protocolo de Coopera\u00e7\u00e3o: Condi\u00e7\u00f5es Exclusivas na Optic\u00e1lia de Macedo de Cavaleiros<\/a><\/h4><p>A Junta de Freguesia de Arcas tem o prazer de anunciar a assinatura de um protocolo de coopera\u00e7\u00e3o [...]<\/p><\/div><\/article><article class=\"post fusion-column column col col-lg-4 col-md-4 col-sm-4\"><div class=\"fusion-flexslider fusion-flexslider-loading flexslider flexslider-hover-type-none\"><ul class=\"slides\"><li><a href=\"https:\/\/www.jf-arcas.pt\/?p=435\" aria-label=\"Junta de Freguesia de Arcas Disponibiliza Aconselhamento Jur\u00eddico Gratuito\" class=\"hover-type-none\"><img decoding=\"async\" width=\"700\" height=\"441\" src=\"https:\/\/www.jf-arcas.pt\/wp-content\/uploads\/2026\/02\/JFARCAS_ADVOGADO-700x441.png\" class=\"attachment-recent-posts size-recent-posts\" alt=\"\" srcset=\"https:\/\/www.jf-arcas.pt\/wp-content\/uploads\/2026\/02\/JFARCAS_ADVOGADO-320x202.png 320w, https:\/\/www.jf-arcas.pt\/wp-content\/uploads\/2026\/02\/JFARCAS_ADVOGADO-700x441.png 700w\" sizes=\"(max-width: 700px) 100vw, 700px\" \/><\/a><\/li><\/ul><\/div><div class=\"recent-posts-content\"><span class=\"vcard\" style=\"display: none;\"><span class=\"fn\"><a href=\"https:\/\/www.jf-arcas.pt\/?author=1\" title=\"Artigos de admin\" rel=\"author\">admin<\/a><\/span><\/span><span class=\"updated\" style=\"display:none;\">2026-02-03T22:06:10+00:00<\/span><h4 class=\"entry-title\"><a href=\"https:\/\/www.jf-arcas.pt\/?p=435\">Junta de Freguesia de Arcas Disponibiliza Aconselhamento Jur\u00eddico Gratuito<\/a><\/h4><p>\u00c9 com satisfa\u00e7\u00e3o que a Junta de Freguesia de Arcas anuncia a celebra\u00e7\u00e3o de um novo protocolo de [...]<\/p><\/div><\/article><article class=\"post fusion-column column col col-lg-4 col-md-4 col-sm-4\"><div class=\"fusion-flexslider fusion-flexslider-loading flexslider flexslider-hover-type-none\"><ul class=\"slides\"><li><a href=\"https:\/\/www.jf-arcas.pt\/?p=390\" aria-label=\"Nova Etapa em Arcas: Tomada de Posse dos \u00d3rg\u00e3os Aut\u00e1rquicos (2025-2029)\" class=\"hover-type-none\"><img decoding=\"async\" width=\"700\" height=\"441\" src=\"https:\/\/www.jf-arcas.pt\/wp-content\/uploads\/2025\/11\/JFARCAS_TOMADA_POSSE-700x441.png\" class=\"attachment-recent-posts size-recent-posts\" alt=\"\" srcset=\"https:\/\/www.jf-arcas.pt\/wp-content\/uploads\/2025\/11\/JFARCAS_TOMADA_POSSE-320x202.png 320w, https:\/\/www.jf-arcas.pt\/wp-content\/uploads\/2025\/11\/JFARCAS_TOMADA_POSSE-700x441.png 700w\" sizes=\"(max-width: 700px) 100vw, 700px\" \/><\/a><\/li><\/ul><\/div><div class=\"recent-posts-content\"><span class=\"vcard\" style=\"display: none;\"><span class=\"fn\"><a href=\"https:\/\/www.jf-arcas.pt\/?author=4\" title=\"Artigos de Junta Freguesia Arcas\" rel=\"author\">Junta Freguesia Arcas<\/a><\/span><\/span><span class=\"updated\" style=\"display:none;\">2026-02-03T22:17:07+00:00<\/span><h4 class=\"entry-title\"><a href=\"https:\/\/www.jf-arcas.pt\/?p=390\">Nova Etapa em Arcas: Tomada de Posse dos \u00d3rg\u00e3os Aut\u00e1rquicos (2025-2029)<\/a><\/h4><p>Um. pequeno excerto da noticia<\/p><\/div><\/article><article class=\"post fusion-column column col col-lg-4 col-md-4 col-sm-4\"><div class=\"fusion-flexslider fusion-flexslider-loading flexslider flexslider-hover-type-none\"><ul class=\"slides\"><li><a href=\"https:\/\/www.jf-arcas.pt\/?p=376\" aria-label=\"Unidade M\u00f3vel de Sa\u00fade\" class=\"hover-type-none\"><img decoding=\"async\" width=\"700\" height=\"441\" src=\"https:\/\/www.jf-arcas.pt\/wp-content\/uploads\/2024\/03\/cartaz-publicacao-UNIDADE-MOVEL-DE-SAUDE_MAR_ABR-1-700x441.jpg\" class=\"attachment-recent-posts size-recent-posts\" alt=\"\" srcset=\"https:\/\/www.jf-arcas.pt\/wp-content\/uploads\/2024\/03\/cartaz-publicacao-UNIDADE-MOVEL-DE-SAUDE_MAR_ABR-1-320x202.jpg 320w, https:\/\/www.jf-arcas.pt\/wp-content\/uploads\/2024\/03\/cartaz-publicacao-UNIDADE-MOVEL-DE-SAUDE_MAR_ABR-1-700x441.jpg 700w\" sizes=\"(max-width: 700px) 100vw, 700px\" \/><\/a><\/li><\/ul><\/div><div class=\"recent-posts-content\"><span class=\"vcard\" style=\"display: none;\"><span class=\"fn\"><a href=\"https:\/\/www.jf-arcas.pt\/?author=1\" title=\"Artigos de admin\" rel=\"author\">admin<\/a><\/span><\/span><span class=\"updated\" style=\"display:none;\">2024-03-17T12:08:26+00:00<\/span><h4 class=\"entry-title\"><a href=\"https:\/\/www.jf-arcas.pt\/?p=376\">Unidade M\u00f3vel de Sa\u00fade<\/a><\/h4><p>   <\/p><\/div><\/article><article class=\"post fusion-column column col col-lg-4 col-md-4 col-sm-4\"><div class=\"fusion-flexslider fusion-flexslider-loading flexslider flexslider-hover-type-none\"><ul class=\"slides\"><li><a href=\"https:\/\/www.jf-arcas.pt\/?p=370\" aria-label=\"Nota de Pesar pelo falecimento de MARIA GRAZIELA ANCI\u00c3ES\" class=\"hover-type-none\"><img decoding=\"async\" width=\"651\" height=\"441\" src=\"https:\/\/www.jf-arcas.pt\/wp-content\/uploads\/2023\/04\/323113736_512682407367392_4458986146750333719_n-651x441.jpg\" class=\"attachment-recent-posts size-recent-posts\" alt=\"\" \/><\/a><\/li><\/ul><\/div><div class=\"recent-posts-content\"><span class=\"vcard\" style=\"display: none;\"><span class=\"fn\"><a href=\"https:\/\/www.jf-arcas.pt\/?author=1\" title=\"Artigos de admin\" rel=\"author\">admin<\/a><\/span><\/span><span class=\"updated\" style=\"display:none;\">2024-03-17T11:48:44+00:00<\/span><h4 class=\"entry-title\"><a href=\"https:\/\/www.jf-arcas.pt\/?p=370\">Nota de Pesar pelo falecimento de MARIA GRAZIELA ANCI\u00c3ES<\/a><\/h4><p>  A Junta de Freguesia de Arcas, manifesta o seu profundo pesar pelo falecimento de MARIA GRAZIELA [...]<\/p><\/div><\/article><article class=\"post fusion-column column col col-lg-4 col-md-4 col-sm-4\"><div class=\"fusion-flexslider fusion-flexslider-loading flexslider flexslider-hover-type-none\"><ul class=\"slides\"><li><a href=\"https:\/\/www.jf-arcas.pt\/?p=373\" aria-label=\"XIX &#8211; FEIRA DOS PRODUTOS DA TERRA\" class=\"hover-type-none\"><img decoding=\"async\" width=\"662\" height=\"347\" src=\"https:\/\/www.jf-arcas.pt\/wp-content\/uploads\/2023\/01\/BANNER_CARTAZ_WEB.jpg\" class=\"attachment-recent-posts size-recent-posts\" alt=\"\" srcset=\"https:\/\/www.jf-arcas.pt\/wp-content\/uploads\/2023\/01\/BANNER_CARTAZ_WEB-200x105.jpg 200w, https:\/\/www.jf-arcas.pt\/wp-content\/uploads\/2023\/01\/BANNER_CARTAZ_WEB-300x157.jpg 300w, https:\/\/www.jf-arcas.pt\/wp-content\/uploads\/2023\/01\/BANNER_CARTAZ_WEB-400x210.jpg 400w, https:\/\/www.jf-arcas.pt\/wp-content\/uploads\/2023\/01\/BANNER_CARTAZ_WEB-600x315.jpg 600w, https:\/\/www.jf-arcas.pt\/wp-content\/uploads\/2023\/01\/BANNER_CARTAZ_WEB.jpg 662w\" sizes=\"(max-width: 662px) 100vw, 662px\" \/><\/a><\/li><\/ul><\/div><div class=\"recent-posts-content\"><span class=\"vcard\" style=\"display: none;\"><span class=\"fn\"><a href=\"https:\/\/www.jf-arcas.pt\/?author=1\" title=\"Artigos de admin\" rel=\"author\">admin<\/a><\/span><\/span><span class=\"updated\" style=\"display:none;\">2024-03-17T11:55:55+00:00<\/span><h4 class=\"entry-title\"><a href=\"https:\/\/www.jf-arcas.pt\/?p=373\">XIX &#8211; FEIRA DOS PRODUTOS DA TERRA<\/a><\/h4><p>  Apresentamos o cartaz da XIX Rural Arcas - Feira dos produtos da terra, a realizar nos [...]<\/p><\/div><\/article><article class=\"post fusion-column column col col-lg-4 col-md-4 col-sm-4\"><div class=\"fusion-flexslider fusion-flexslider-loading flexslider flexslider-hover-type-none\"><ul class=\"slides\"><li><a href=\"https:\/\/www.jf-arcas.pt\/?p=365\" aria-label=\"Nota de Pesar pelo falecimento de Maria Augusta Reis\" class=\"hover-type-none\"><img decoding=\"async\" width=\"651\" height=\"441\" src=\"https:\/\/www.jf-arcas.pt\/wp-content\/uploads\/2023\/04\/323113736_512682407367392_4458986146750333719_n-651x441.jpg\" class=\"attachment-recent-posts size-recent-posts\" alt=\"\" \/><\/a><\/li><\/ul><\/div><div class=\"recent-posts-content\"><span class=\"vcard\" style=\"display: none;\"><span class=\"fn\"><a href=\"https:\/\/www.jf-arcas.pt\/?author=1\" title=\"Artigos de admin\" rel=\"author\">admin<\/a><\/span><\/span><span class=\"updated\" style=\"display:none;\">2024-01-04T20:26:29+00:00<\/span><h4 class=\"entry-title\"><a href=\"https:\/\/www.jf-arcas.pt\/?p=365\">Nota de Pesar pelo falecimento de Maria Augusta Reis<\/a><\/h4><p>  A Junta de Freguesia de Arcas, manifesta o seu profundo pesar pelo falecimento de Maria Augusta [...]<\/p><\/div><\/article><article class=\"post fusion-column column col col-lg-4 col-md-4 col-sm-4\"><div class=\"fusion-flexslider fusion-flexslider-loading flexslider flexslider-hover-type-none\"><ul class=\"slides\"><li><a href=\"https:\/\/www.jf-arcas.pt\/?p=360\" aria-label=\"Nota de Pesar pelo falecimento de Arnaldo do Nascimento Ruivo\" class=\"hover-type-none\"><img decoding=\"async\" width=\"651\" height=\"441\" src=\"https:\/\/www.jf-arcas.pt\/wp-content\/uploads\/2023\/04\/323113736_512682407367392_4458986146750333719_n-651x441.jpg\" class=\"attachment-recent-posts size-recent-posts\" alt=\"\" \/><\/a><\/li><\/ul><\/div><div class=\"recent-posts-content\"><span class=\"vcard\" style=\"display: none;\"><span class=\"fn\"><a href=\"https:\/\/www.jf-arcas.pt\/?author=1\" title=\"Artigos de admin\" rel=\"author\">admin<\/a><\/span><\/span><span class=\"updated\" style=\"display:none;\">2023-10-27T13:22:21+00:00<\/span><h4 class=\"entry-title\"><a href=\"https:\/\/www.jf-arcas.pt\/?p=360\">Nota de Pesar pelo falecimento de Arnaldo do Nascimento Ruivo<\/a><\/h4><p>  A Junta de Freguesia de Arcas, manifesta o seu profundo pesar pelo falecimento de Arnaldo do [...]<\/p><\/div><\/article><article class=\"post fusion-column column col col-lg-4 col-md-4 col-sm-4\"><div class=\"fusion-flexslider fusion-flexslider-loading flexslider flexslider-hover-type-none\"><ul class=\"slides\"><li><a href=\"https:\/\/www.jf-arcas.pt\/?p=356\" aria-label=\"Nota de Pesar pelo falecimento de Maria Luiza Miguel\" class=\"hover-type-none\"><img decoding=\"async\" width=\"651\" height=\"441\" src=\"https:\/\/www.jf-arcas.pt\/wp-content\/uploads\/2023\/04\/323113736_512682407367392_4458986146750333719_n-651x441.jpg\" class=\"attachment-recent-posts size-recent-posts\" alt=\"\" \/><\/a><\/li><\/ul><\/div><div class=\"recent-posts-content\"><span class=\"vcard\" style=\"display: none;\"><span class=\"fn\"><a href=\"https:\/\/www.jf-arcas.pt\/?author=1\" title=\"Artigos de admin\" rel=\"author\">admin<\/a><\/span><\/span><span class=\"updated\" style=\"display:none;\">2023-09-25T13:41:41+00:00<\/span><h4 class=\"entry-title\"><a href=\"https:\/\/www.jf-arcas.pt\/?p=356\">Nota de Pesar pelo falecimento de Maria Luiza Miguel<\/a><\/h4><p>  A Junta de Freguesia de Arcas, manifesta o seu profundo pesar pelo falecimento de Maria Luiza [...]<\/p><\/div><\/article><article class=\"post fusion-column column col col-lg-4 col-md-4 col-sm-4\"><div class=\"fusion-flexslider fusion-flexslider-loading flexslider flexslider-hover-type-none\"><ul class=\"slides\"><li><a href=\"https:\/\/www.jf-arcas.pt\/?p=349\" aria-label=\"PLANO ANUAL DE EXPLORA\u00c7\u00c3O DE CA\u00c7A 2023\/2024\" class=\"hover-type-none\"><img decoding=\"async\" width=\"700\" height=\"441\" src=\"https:\/\/www.jf-arcas.pt\/wp-content\/uploads\/2022\/12\/PLANO-ANUAL-700x441.gif\" class=\"attachment-recent-posts size-recent-posts\" alt=\"\" srcset=\"https:\/\/www.jf-arcas.pt\/wp-content\/uploads\/2022\/12\/PLANO-ANUAL-320x202.gif 320w, https:\/\/www.jf-arcas.pt\/wp-content\/uploads\/2022\/12\/PLANO-ANUAL-700x441.gif 700w\" sizes=\"(max-width: 700px) 100vw, 700px\" \/><\/a><\/li><\/ul><\/div><div class=\"recent-posts-content\"><span class=\"vcard\" style=\"display: none;\"><span class=\"fn\"><a href=\"https:\/\/www.jf-arcas.pt\/?author=1\" title=\"Artigos de admin\" rel=\"author\">admin<\/a><\/span><\/span><span class=\"updated\" style=\"display:none;\">2023-08-19T11:09:38+00:00<\/span><h4 class=\"entry-title\"><a href=\"https:\/\/www.jf-arcas.pt\/?p=349\">PLANO ANUAL DE EXPLORA\u00c7\u00c3O DE CA\u00c7A 2023\/2024<\/a><\/h4><p> ZCM_5133_PAE_EV_2023-2024_signed     <\/p><\/div><\/article><article class=\"post fusion-column column col col-lg-4 col-md-4 col-sm-4\"><div class=\"fusion-flexslider fusion-flexslider-loading flexslider flexslider-hover-type-none\"><ul class=\"slides\"><li><a href=\"https:\/\/www.jf-arcas.pt\/?p=342\" aria-label=\"Nota de Pesar pelo falecimento de Felismino Augusto Moreno\" class=\"hover-type-none\"><img decoding=\"async\" width=\"651\" height=\"441\" src=\"https:\/\/www.jf-arcas.pt\/wp-content\/uploads\/2023\/04\/323113736_512682407367392_4458986146750333719_n-651x441.jpg\" class=\"attachment-recent-posts size-recent-posts\" alt=\"\" \/><\/a><\/li><\/ul><\/div><div class=\"recent-posts-content\"><span class=\"vcard\" style=\"display: none;\"><span class=\"fn\"><a href=\"https:\/\/www.jf-arcas.pt\/?author=1\" title=\"Artigos de admin\" rel=\"author\">admin<\/a><\/span><\/span><span class=\"updated\" style=\"display:none;\">2023-07-20T07:51:28+00:00<\/span><h4 class=\"entry-title\"><a href=\"https:\/\/www.jf-arcas.pt\/?p=342\">Nota de Pesar pelo falecimento de Felismino Augusto Moreno<\/a><\/h4><p>  A Junta de Freguesia de Arcas, manifesta o seu profundo pesar pelo falecimento de Felismino Augusto [...]<\/p><\/div><\/article><\/section><div class=\"pagination clearfix\"><span class=\"current\">1<\/span><a href=\"https:\/\/www.jf-arcas.pt\/index.php?rest_route=%2Fwp%2Fv2%2Fpages%2F410&#038;paged=2\" class=\"inactive\">2<\/a><a class=\"pagination-next\" rel=\"next\" href=\"https:\/\/www.jf-arcas.pt\/index.php?rest_route=%2Fwp%2Fv2%2Fpages%2F410&#038;paged=2\"><span class=\"page-text\">Seguinte<\/span><span class=\"page-next\"><\/span><\/a><\/div><div class=\"fusion-clearfix\"><\/div><\/div><\/div><\/div><\/div><\/div><\/p>\n","protected":false},"excerpt":{"rendered":"","protected":false},"author":1,"featured_media":0,"parent":0,"menu_order":0,"comment_status":"closed","ping_status":"closed","template":"100-width.php","meta":{"footnotes":""},"class_list":["post-410","page","type-page","status-publish","hentry"],"_links":{"self":[{"href":"https:\/\/www.jf-arcas.pt\/index.php?rest_route=\/wp\/v2\/pages\/410","targetHints":{"allow":["GET"]}}],"collection":[{"href":"https:\/\/www.jf-arcas.pt\/index.php?rest_route=\/wp\/v2\/pages"}],"about":[{"href":"https:\/\/www.jf-arcas.pt\/index.php?rest_route=\/wp\/v2\/types\/page"}],"author":[{"embeddable":true,"href":"https:\/\/www.jf-arcas.pt\/index.php?rest_route=\/wp\/v2\/users\/1"}],"replies":[{"embeddable":true,"href":"https:\/\/www.jf-arcas.pt\/index.php?rest_route=%2Fwp%2Fv2%2Fcomments&post=410"}],"version-history":[{"count":23,"href":"https:\/\/www.jf-arcas.pt\/index.php?rest_route=\/wp\/v2\/pages\/410\/revisions"}],"predecessor-version":[{"id":469,"href":"https:\/\/www.jf-arcas.pt\/index.php?rest_route=\/wp\/v2\/pages\/410\/revisions\/469"}],"wp:attachment":[{"href":"https:\/\/www.jf-arcas.pt\/index.php?rest_route=%2Fwp%2Fv2%2Fmedia&parent=410"}],"curies":[{"name":"wp","href":"https:\/\/api.w.org\/{rel}","templated":true}]}}